{"id":424,"date":"2012-01-29T09:15:03","date_gmt":"2012-01-29T08:15:03","guid":{"rendered":"http:\/\/art.isan.fr\/?page_id=424"},"modified":"2017-05-10T14:55:59","modified_gmt":"2017-05-10T13:55:59","slug":"matieres-et-techniques","status":"publish","type":"page","link":"http:\/\/art.isan.fr\/?page_id=424","title":{"rendered":"MATI\u00c8RES ET TECHNIQUES"},"content":{"rendered":"<p>&nbsp;<\/p>\n<p>Les mati\u00e8res utilis\u00e9es sont \u00e0 base de chaux, de ciment ou d&rsquo;un lien acrylique.<\/p>\n<p>&nbsp;<\/p>\n<p>Les techniques sont celles de la peinture, le badigeon, le stuc, le marmorino, le tadelakt ou le b\u00e9ton color\u00e9.<\/p>\n<p>&nbsp;<\/p>\n<p>Les teintes sont obtenues en m\u00e9langeant des pigments\u00a0 d&rsquo;origine min\u00e9rale ou organique, naturels ou synth\u00e9tiques directement \u00e0 la mati\u00e8re en s&rsquo;inspirant sur les nuancier des fabricants ou en faisant des \u00e9chantillons sur simple demande de la part du client.<\/p>\n<address>\u00a0<\/address>\n<address>\u00a0<\/address>\n<address><a href=\"http:\/\/art.isan.fr\/wp-content\/uploads\/2012\/01\/image.jpeg\"><img loading=\"lazy\" decoding=\"async\" class=\"size-full wp-image-867 aligncenter\" src=\"http:\/\/art.isan.fr\/wp-content\/uploads\/2012\/01\/image.jpeg\" alt=\"\" width=\"384\" height=\"512\" \/><\/a><\/address>\n","protected":false},"excerpt":{"rendered":"<p>&nbsp; Les mati\u00e8res utilis\u00e9es sont \u00e0 base de chaux, de ciment ou d&rsquo;un lien acrylique. &nbsp; Les techniques sont celles de la peinture, le badigeon, le stuc, le marmorino, le tadelakt ou le b\u00e9ton color\u00e9. &nbsp; Les teintes sont obtenues en m\u00e9langeant des pigments\u00a0 d&rsquo;origine min\u00e9rale ou organique, naturels ou synth\u00e9tiques directement \u00e0 la mati\u00e8re &hellip; <\/p>\n<p class=\"link-more\"><a href=\"http:\/\/art.isan.fr\/?page_id=424\" class=\"more-link\">Continuer la lecture<span class=\"screen-reader-text\"> de &laquo;&nbsp;MATI\u00c8RES ET TECHNIQUES&nbsp;&raquo;<\/span><\/a><\/p>\n","protected":false},"author":1,"featured_media":0,"parent":0,"menu_order":0,"comment_status":"closed","ping_status":"closed","template":"","meta":{"footnotes":""},"class_list":["post-424","page","type-page","status-publish","hentry"],"_links":{"self":[{"href":"http:\/\/art.isan.fr\/index.php?rest_route=\/wp\/v2\/pages\/424","targetHints":{"allow":["GET"]}}],"collection":[{"href":"http:\/\/art.isan.fr\/index.php?rest_route=\/wp\/v2\/pages"}],"about":[{"href":"http:\/\/art.isan.fr\/index.php?rest_route=\/wp\/v2\/types\/page"}],"author":[{"embeddable":true,"href":"http:\/\/art.isan.fr\/index.php?rest_route=\/wp\/v2\/users\/1"}],"replies":[{"embeddable":true,"href":"http:\/\/art.isan.fr\/index.php?rest_route=%2Fwp%2Fv2%2Fcomments&post=424"}],"version-history":[{"count":37,"href":"http:\/\/art.isan.fr\/index.php?rest_route=\/wp\/v2\/pages\/424\/revisions"}],"predecessor-version":[{"id":1307,"href":"http:\/\/art.isan.fr\/index.php?rest_route=\/wp\/v2\/pages\/424\/revisions\/1307"}],"wp:attachment":[{"href":"http:\/\/art.isan.fr\/index.php?rest_route=%2Fwp%2Fv2%2Fmedia&parent=424"}],"curies":[{"name":"wp","href":"https:\/\/api.w.org\/{rel}","templated":true}]}}